{"id":14,"date":"2023-02-04T15:48:55","date_gmt":"2023-02-04T14:48:55","guid":{"rendered":"http:\/\/wptest2.galacticrave.net\/?page_id=14"},"modified":"2025-12-30T18:42:34","modified_gmt":"2025-12-30T17:42:34","slug":"home","status":"publish","type":"page","link":"https:\/\/frauenaerztin-babelsberg.de\/","title":{"rendered":"Home"},"content":{"rendered":"\n<div class=\"wp-block-cover alignfull\" style=\"min-height:412px\"><span aria-hidden=\"true\" class=\"wp-block-cover__background has-ast-global-color-0-background-color has-background-dim-100 has-background-dim\"><\/span><div class=\"wp-block-cover__inner-container is-layout-flow wp-block-cover-is-layout-flow\">\n<div class=\"wp-block-columns alignwide is-layout-flex wp-container-core-columns-layout-1 wp-block-columns-is-layout-flex\">\n<div class=\"wp-block-column is-layout-flow wp-block-column-is-layout-flow\" style=\"flex-basis:60%\">\n<h1 class=\"wp-block-heading\">Privatpraxis f\u00fcr Frauenheilkunde und Geburtshilfe<\/h1>\n\n\n\n<h3 class=\"wp-block-heading\">Dr. med. Ina Steinmetz<\/h3>\n<\/div>\n\n\n\n<div class=\"wp-block-column is-layout-flow wp-block-column-is-layout-flow\" style=\"flex-basis:40%\">\n<p class=\"has-link-color wp-elements-8b877e8462626e3e83f442f1459eea30\">Domstra\u00dfe 18a<br>14482 Potsdam<br>T: <a href=\"tel:+4933128792171\" data-type=\"tel\" data-id=\"tel:+4933128792171\">0331\/28792171<\/a><br>F: 0331\/28794187<br><a href=\"mailto:dr.steinmetz@frauenaerztin-babelsberg.de\">dr.steinmetz@frauenaerztin-babelsberg.de<\/a><\/p>\n\n\n\n<div class=\"wp-block-buttons is-layout-flex wp-block-buttons-is-layout-flex\">\n<div class=\"wp-block-button\"><a class=\"wp-block-button__link wp-element-button\" href=\"https:\/\/frauenaerztin-babelsberg.de#terminvergabe\">Termin buchen<\/a><\/div>\n<\/div>\n<\/div>\n<\/div>\n<\/div><\/div>\n\n\n\n<div style=\"height:39px\" aria-hidden=\"true\" class=\"wp-block-spacer\"><\/div>\n\n\n\n<div class=\"wp-block-media-text has-media-on-the-right is-stacked-on-mobile is-vertically-aligned-center\" style=\"grid-template-columns:auto 24%\"><div class=\"wp-block-media-text__content\">\n<div class=\"inherit-container-width wp-block-group is-layout-constrained wp-block-group-is-layout-constrained\" style=\"padding-right:10px\">\n<h2 class=\"wp-block-heading\" style=\"padding-right:10px\">Dr. med. Ina Steinmetz<\/h2>\n\n\n\n<p>Besondere Schwerpunkte w\u00e4hrend meiner Facharztausbildung in Deutschland und in den USA und meiner stets aktualisierten Fortbildung als Fach\u00e4rztin sind Krebsheilkunde und Beckenboden-Erkrankungen wie Inkontinenz. Das Spektrum meiner zus\u00e4tzlichen Erfahrungen reicht von Forschung in der operativen Behandlung von Melanomen am&nbsp;<a href=\"http:\/\/mountzion.ucsfmedicalcenter.org\/\" target=\"_blank\" rel=\"noreferrer noopener\">Mount Zion Medical Center<\/a>&nbsp;in San Francisco und von Geb\u00e4rmutterkarzinomen an der&nbsp;<a href=\"http:\/\/www.uniklinikum-jena.de\/Frauenklinik.html\" target=\"_blank\" rel=\"noreferrer noopener\">Universit\u00e4t in Jena<\/a>, Forschung \u00fcber minimal invasive Operationstechnik bei Sterilisationen der Frau am&nbsp;<a href=\"http:\/\/obgyn.arizona.edu\/\" target=\"_blank\" rel=\"noreferrer noopener\">University Medical Center Tucson\/Arizona<\/a>, T\u00e4tigkeit am&nbsp;<a href=\"https:\/\/www.mdanderson.org\/\" target=\"_blank\" rel=\"noreferrer noopener\">MD Anderson Cancer Center<\/a>&nbsp;in Houston\/Texas im Rahmen eines Rutledge-Fellowships, einen Gastaufenthalt zur Vertiefung von Kenntnissen in Urogyn\u00e4kologie an der&nbsp;<a href=\"https:\/\/www.mayoclinic.org\/\" target=\"_blank\" rel=\"noreferrer noopener\">Mayo-Clinic<\/a>&nbsp;in Scottsdale\/Arizona bis zur Ausbildung im Ultraschall der weiblichen Brust in der&nbsp;<a href=\"http:\/\/www.uniklinikum-jena.de\/Frauenklinik.html\" target=\"_blank\" rel=\"noreferrer noopener\">Frauenklinik der Universit\u00e4t Jena<\/a>.<\/p>\n\n\n\n<p>Ich biete \u00e4rztliche Betreuung ebenfalls auf Englisch auf zertifiziertem medizinisch-professionellem Niveau.<\/p>\n<\/div>\n<\/div><figure class=\"wp-block-media-text__media\"><img loading=\"lazy\" decoding=\"async\" width=\"225\" height=\"300\" src=\"\/wp-content\/uploads\/2023\/02\/Dr-Steinmetz-225x300-1.jpg\" alt=\"\" class=\"wp-image-33 size-full\"\/><\/figure><\/div>\n\n\n\n<div style=\"height:39px\" aria-hidden=\"true\" class=\"wp-block-spacer\"><\/div>\n\n\n\n<h2 class=\"wp-block-heading\">Die Praxisr\u00e4ume<\/h2>\n\n\n\n<figure class=\"wp-block-gallery has-nested-images columns-default is-cropped wp-block-gallery-1 is-layout-flex wp-block-gallery-is-layout-flex\">\n<figure class=\"wp-block-image size-large\"><img loading=\"lazy\" decoding=\"async\" width=\"1024\" height=\"768\" data-id=\"30\" src=\"\/wp-content\/uploads\/2023\/02\/Frauenarzt-Wartezimmer.jpg\" alt=\"\" class=\"wp-image-30\" srcset=\"https:\/\/frauenaerztin-babelsberg.de\/wp-content\/uploads\/2023\/02\/Frauenarzt-Wartezimmer.jpg 1024w, https:\/\/frauenaerztin-babelsberg.de\/wp-content\/uploads\/2023\/02\/Frauenarzt-Wartezimmer-300x225.jpg 300w, https:\/\/frauenaerztin-babelsberg.de\/wp-content\/uploads\/2023\/02\/Frauenarzt-Wartezimmer-768x576.jpg 768w\" sizes=\"(max-width: 1024px) 100vw, 1024px\" \/><\/figure>\n\n\n\n<figure class=\"wp-block-image size-large\"><img loading=\"lazy\" decoding=\"async\" width=\"980\" height=\"735\" data-id=\"31\" src=\"\/wp-content\/uploads\/2023\/02\/Frauenarzt-Sprechzimmer.jpg\" alt=\"\" class=\"wp-image-31\" srcset=\"https:\/\/frauenaerztin-babelsberg.de\/wp-content\/uploads\/2023\/02\/Frauenarzt-Sprechzimmer.jpg 980w, https:\/\/frauenaerztin-babelsberg.de\/wp-content\/uploads\/2023\/02\/Frauenarzt-Sprechzimmer-300x225.jpg 300w, https:\/\/frauenaerztin-babelsberg.de\/wp-content\/uploads\/2023\/02\/Frauenarzt-Sprechzimmer-768x576.jpg 768w\" sizes=\"(max-width: 980px) 100vw, 980px\" \/><\/figure>\n\n\n\n<figure class=\"wp-block-image size-large\"><img loading=\"lazy\" decoding=\"async\" width=\"1024\" height=\"768\" data-id=\"32\" src=\"\/wp-content\/uploads\/2023\/02\/Frauenarzt-Behandlungszimmer.jpg\" alt=\"\" class=\"wp-image-32\" srcset=\"https:\/\/frauenaerztin-babelsberg.de\/wp-content\/uploads\/2023\/02\/Frauenarzt-Behandlungszimmer.jpg 1024w, https:\/\/frauenaerztin-babelsberg.de\/wp-content\/uploads\/2023\/02\/Frauenarzt-Behandlungszimmer-300x225.jpg 300w, https:\/\/frauenaerztin-babelsberg.de\/wp-content\/uploads\/2023\/02\/Frauenarzt-Behandlungszimmer-768x576.jpg 768w\" sizes=\"(max-width: 1024px) 100vw, 1024px\" \/><\/figure>\n<\/figure>\n\n\n\n<p>Die privat\u00e4rztliche Praxis f\u00fcr Gyn\u00e4kologie und Geburtshilfe liegt in Neubabelsberg in einer ruhigen Stra\u00dfe mit Parkm\u00f6glichkeit in der Regel unmittelbar vor dem Haus. \u00dcberdachte Unterstellm\u00f6glichkeit f\u00fcr Fahrr\u00e4der besteht am Praxiseingang. Die Praxis befindet sich im 1. und 2. Stock ohne Lift, der Zugang ist leider nicht behindertengerecht.<\/p>\n\n\n\n<div style=\"height:39px\" aria-hidden=\"true\" class=\"wp-block-spacer\"><\/div>\n\n\n\n<h2 class=\"wp-block-heading\" id=\"terminvergabe\">Terminvergabe<\/h2>\n\n\n\n<h3 class=\"wp-block-heading\">Termine werden nur an Bestandspatientinnen vergeben, die Praxis kann leider in absehbarer Zeit keine neuen Patientinnen aufnehmen.<\/h3>\n\n\n\n<p>Online-Buchungen k\u00f6nnen Sie mit einer Vorlaufzeit von 3 Tagen vornehmen. Diese und weitere Termine (auch andere als die als offen gelisteten Vorschl\u00e4ge) sind selbstverst\u00e4ndlich auch telefonisch (0331\/28792171) oder \u00fcber email (dr.steinmetz@frauenaerztin-babelsberg.de) erh\u00e4ltlich.<\/p>\n\n\n\n\n<iframe scrolling=\"no\" style=\"width:100{4840145d958ca89831ae71606d10aef32ec9e0c0f4fce072d900cdf3d7a10b75}; height:500px; width:800px; border:none; \" src=\"https:\/\/www.elsetech.de\/web-booking-service\/web-booking-service.php?did=Ogmbc2mBVhih60uDUjrRQT_ikOSwJtK1riyu96OgdDzHhgny3vsUQUb8oU60kbiopqMdCZeWxBU5xlEihuqq1A--\"><\/iframe>\n\n\n\n\n<h2 class=\"wp-block-heading\">Lage und Anfahrt<\/h2>\n\n\n\n<p>Die Praxis liegt in der Domstra\u00dfe 18a in Neubabelsberg zwischen der Zufahrt zur Grundschule am Griebnitzsee und der Marienschule am Espengrund.<\/p>\n\n\n\n<p><strong>GPS-Koordinaten:<\/strong>&nbsp;N:52.39734 E:13.11544<\/p>\n\n\n\n<h4 class=\"wp-block-heading\">Mit dem PKW:<\/h4>\n\n\n\n<p>Parkpl\u00e4tze direkt vor dem Haus in der Domstra\u00dfe sind in der Regel verf\u00fcgbar.<\/p>\n\n\n\n<h4 class=\"wp-block-heading\">Mit dem Fahrrad:<\/h4>\n\n\n\n<p>\u00dcberdachte Unterstellm\u00f6glichkeit f\u00fcr Fahrr\u00e4der besteht am Praxiseingang.<\/p>\n\n\n\n<h4 class=\"wp-block-heading\">Mit \u00f6ffentlichen Verkehrsmitteln:<\/h4>\n\n\n\n<p>Mit der Stra\u00dfenbahn Linie 94 oder 99 bis Endstation Fontanestra\u00dfe. Alternativ mit Buslinie 694 ab Bahnhof Griebnitzsee oder Potsdam Hauptbahnhof bis Fontanestra\u00dfe. Von dort sind es etwa 5-10 Minuten zu Fu\u00df. N\u00e4chste S-Bahn-Station (S7) ist Bahnhof Griebnitzsee.<\/p>\n\n\n\n<iframe src=\"https:\/\/www.google.com\/maps\/embed?pb=!1m18!1m12!1m3!1d2434.531389958121!2d13.112715376371774!3d52.39704484532595!2m3!1f0!2f0!3f0!3m2!1i1024!2i768!4f13.1!3m3!1m2!1s0x47a85f4dfe405ee9{4840145d958ca89831ae71606d10aef32ec9e0c0f4fce072d900cdf3d7a10b75}3A0xefc02084a6f07048!2sGyn{4840145d958ca89831ae71606d10aef32ec9e0c0f4fce072d900cdf3d7a10b75}C3{4840145d958ca89831ae71606d10aef32ec9e0c0f4fce072d900cdf3d7a10b75}A4kologische{4840145d958ca89831ae71606d10aef32ec9e0c0f4fce072d900cdf3d7a10b75}20Privatpraxis{4840145d958ca89831ae71606d10aef32ec9e0c0f4fce072d900cdf3d7a10b75}20Dr.{4840145d958ca89831ae71606d10aef32ec9e0c0f4fce072d900cdf3d7a10b75}20med.{4840145d958ca89831ae71606d10aef32ec9e0c0f4fce072d900cdf3d7a10b75}20Ina{4840145d958ca89831ae71606d10aef32ec9e0c0f4fce072d900cdf3d7a10b75}20Steinmetz!5e0!3m2!1sde!2sde!4v1675615687623!5m2!1sde!2sde\" style=\"border:0;\" allowfullscreen=\"\" loading=\"lazy\" referrerpolicy=\"no-referrer-when-downgrade\" width=\"600\" height=\"450\"><\/iframe>\n\n\n\n<div style=\"height:41px\" aria-hidden=\"true\" class=\"wp-block-spacer\"><\/div>\n","protected":false},"excerpt":{"rendered":"<p>Die Praxisr\u00e4ume Die privat\u00e4rztliche Praxis f\u00fcr Gyn\u00e4kologie und Geburtshilfe liegt in Neubabelsberg in einer ruhigen Stra\u00dfe mit Parkm\u00f6glichkeit in der Regel unmittelbar vor dem Haus. \u00dcberdachte Unterstellm\u00f6glichkeit f\u00fcr Fahrr\u00e4der besteht am Praxiseingang. Die Praxis befindet sich im 1. und 2. Stock ohne Lift, der Zugang ist leider nicht behindertengerecht. Terminvergabe Termine werden nur an Bestandspatientinnen [&hellip;]<\/p>\n","protected":false},"author":1,"featured_media":0,"parent":0,"menu_order":0,"comment_status":"closed","ping_status":"closed","template":"","meta":{"site-sidebar-layout":"no-sidebar","site-content-layout":"plain-container","ast-site-content-layout":"normal-width-container","site-content-style":"unboxed","site-sidebar-style":"unboxed","ast-global-header-display":"","ast-banner-title-visibility":"","ast-main-header-display":"","ast-hfb-above-header-display":"","ast-hfb-below-header-display":"","ast-hfb-mobile-header-display":"","site-post-title":"disabled","ast-breadcrumbs-content":"","ast-featured-img":"","footer-sml-layout":"","ast-disable-related-posts":"","theme-transparent-header-meta":"enabled","adv-header-id-meta":"","stick-header-meta":"","header-above-stick-meta":"","header-main-stick-meta":"","header-below-stick-meta":"","astra-migrate-meta-layouts":"set","ast-page-background-enabled":"default","ast-page-background-meta":{"desktop":{"background-color":"var(--ast-global-color-4)","background-image":"","background-repeat":"repeat","background-position":"center center","background-size":"auto","background-attachment":"scroll","background-type":"","background-media":"","overlay-type":"","overlay-color":"","overlay-opacity":"","overlay-gradient":""},"tablet":{"background-color":"","background-image":"","background-repeat":"repeat","background-position":"center center","background-size":"auto","background-attachment":"scroll","background-type":"","background-media":"","overlay-type":"","overlay-color":"","overlay-opacity":"","overlay-gradient":""},"mobile":{"background-color":"","background-image":"","background-repeat":"repeat","background-position":"center center","background-size":"auto","background-attachment":"scroll","background-type":"","background-media":"","overlay-type":"","overlay-color":"","overlay-opacity":"","overlay-gradient":""}},"ast-content-background-meta":{"desktop":{"background-color":"var(--ast-global-color-5)","background-image":"","background-repeat":"repeat","background-position":"center center","background-size":"auto","background-attachment":"scroll","background-type":"","background-media":"","overlay-type":"","overlay-color":"","overlay-opacity":"","overlay-gradient":""},"tablet":{"background-color":"var(--ast-global-color-5)","background-image":"","background-repeat":"repeat","background-position":"center center","background-size":"auto","background-attachment":"scroll","background-type":"","background-media":"","overlay-type":"","overlay-color":"","overlay-opacity":"","overlay-gradient":""},"mobile":{"background-color":"var(--ast-global-color-5)","background-image":"","background-repeat":"repeat","background-position":"center center","background-size":"auto","background-attachment":"scroll","background-type":"","background-media":"","overlay-type":"","overlay-color":"","overlay-opacity":"","overlay-gradient":""}},"footnotes":""},"_links":{"self":[{"href":"https:\/\/frauenaerztin-babelsberg.de\/index.php\/wp-json\/wp\/v2\/pages\/14"}],"collection":[{"href":"https:\/\/frauenaerztin-babelsberg.de\/index.php\/wp-json\/wp\/v2\/pages"}],"about":[{"href":"https:\/\/frauenaerztin-babelsberg.de\/index.php\/wp-json\/wp\/v2\/types\/page"}],"author":[{"embeddable":true,"href":"https:\/\/frauenaerztin-babelsberg.de\/index.php\/wp-json\/wp\/v2\/users\/1"}],"replies":[{"embeddable":true,"href":"https:\/\/frauenaerztin-babelsberg.de\/index.php\/wp-json\/wp\/v2\/comments?post=14"}],"version-history":[{"count":47,"href":"https:\/\/frauenaerztin-babelsberg.de\/index.php\/wp-json\/wp\/v2\/pages\/14\/revisions"}],"predecessor-version":[{"id":194,"href":"https:\/\/frauenaerztin-babelsberg.de\/index.php\/wp-json\/wp\/v2\/pages\/14\/revisions\/194"}],"wp:attachment":[{"href":"https:\/\/frauenaerztin-babelsberg.de\/index.php\/wp-json\/wp\/v2\/media?parent=14"}],"curies":[{"name":"wp","href":"https:\/\/api.w.org\/{rel}","templated":true}]}}