{"id":3,"date":"2022-06-12T15:05:38","date_gmt":"2022-06-12T13:05:38","guid":{"rendered":"http:\/\/wptest2.galacticrave.net\/?page_id=3"},"modified":"2023-02-05T19:32:27","modified_gmt":"2023-02-05T18:32:27","slug":"datenschutz","status":"publish","type":"page","link":"https:\/\/frauenaerztin-babelsberg.de\/index.php\/datenschutz\/","title":{"rendered":"Datenschutzerkl\u00e4rung"},"content":{"rendered":"\n<div class=\"wp-block-cover alignfull\" style=\"min-height:412px\"><span aria-hidden=\"true\" class=\"wp-block-cover__background has-ast-global-color-0-background-color has-background-dim-100 has-background-dim\"><\/span><div class=\"wp-block-cover__inner-container is-layout-flow wp-block-cover-is-layout-flow\">\n<div class=\"wp-block-columns alignwide is-layout-flex wp-container-core-columns-layout-1 wp-block-columns-is-layout-flex\">\n<div class=\"wp-block-column is-layout-flow wp-block-column-is-layout-flow\" style=\"flex-basis:60%\">\n<h1 class=\"wp-block-heading\">Privatpraxis f\u00fcr Frauenheilkunde und Geburtshilfe<\/h1>\n\n\n\n<h3 class=\"wp-block-heading\">Dr. med. Ina Steinmetz<\/h3>\n<\/div>\n\n\n\n<div class=\"wp-block-column is-layout-flow wp-block-column-is-layout-flow\" style=\"flex-basis:40%\">\n<p class=\"has-link-color wp-elements-8b877e8462626e3e83f442f1459eea30\">Domstra\u00dfe 18a<br>14482 Potsdam<br>T: <a href=\"tel:+4933128792171\" data-type=\"tel\" data-id=\"tel:+4933128792171\">0331\/28792171<\/a><br>F: 0331\/28794187<br><a href=\"mailto:dr.steinmetz@frauenaerztin-babelsberg.de\">dr.steinmetz@frauenaerztin-babelsberg.de<\/a><\/p>\n\n\n\n<div class=\"wp-block-buttons is-layout-flex wp-block-buttons-is-layout-flex\">\n<div class=\"wp-block-button\"><a class=\"wp-block-button__link wp-element-button\" href=\"https:\/\/frauenaerztin-babelsberg.de#terminvergabe\">Termin buchen<\/a><\/div>\n<\/div>\n<\/div>\n<\/div>\n<\/div><\/div>\n\n\n\n<div style=\"height:41px\" aria-hidden=\"true\" class=\"wp-block-spacer\"><\/div>\n\n\n\n<h2 class=\"wp-block-heading\">Patienteninformation zum Datenschutz<\/h2>\n\n\n\n<p>Sehr geehrte Patientin,<\/p>\n\n\n\n<p>der Schutz Ihrer personenbezogenen Daten ist wichtig. Ihre personenbezogenen Daten werden vertraulich und entsprechend der EU-Datenschutz-Grundverordnung (DSGVO) behandelt. Nach DSGVO bin ich auch verpflichtet, Sie dar\u00fcber zu informieren, zu welchem Zweck diese Praxis Daten erhebt, speichert oder weiterleitet. Der Information k\u00f6nnen Sie auch entnehmen, welche Rechte Sie bez\u00fcglich Datenschutz haben. <\/p>\n\n\n\n<p>Daten\u00fcbertragen im Internet kann Sicherheitsl\u00fccken aufweisen. Ein l\u00fcckenloser Schutz vor dem Zugriff durch Dritte ist nicht m\u00f6glich.<\/p>\n\n\n\n<h3 class=\"wp-block-heading\">Verantwortlichkeit f\u00fcr die Datenverarbeitung<\/h3>\n\n\n\n<p>Verantwortlich f\u00fcr die Datenverarbeitung seitens der Praxis ist:<\/p>\n\n\n\n<p>Dr. Ina Steinmetz<br>Domstra\u00dfe 18a, 14482 Potsdam<br>Tel. 0331-2879 2171<\/p>\n\n\n\n<h3 class=\"wp-block-heading\">Log Files<\/h3>\n\n\n\n<p>Der Betreiber von Webseiten erhebt und speichert automatisch Informationen, die Ihr Browser automatisch an den Inhaber der Webseite \u00fcbermittelt, in sogenannten Log-Files. Diese umfassen z.B. den verwendeten Browsertyp und Browserversion, die Uhrzeit der Anfrage, die URL der Vermittlers, der Name des zugreifenden Rechners und das verwendete Betriebssystem. Diese Daten k\u00f6nnen nicht bestimmten Personen zugeordnet werden.<\/p>\n\n\n\n<h3 class=\"wp-block-heading\">Sicherheit der Website<\/h3>\n\n\n\n<p>Zum Schutz Ihrer Privatsph\u00e4re werden bei der Nutzung meiner Webseite grunds\u00e4tzlich keine pers\u00f6nlichen Daten erhoben. F\u00fcr die Anfahrtsbeschreibung wird der Service von Google Maps verwendet. <\/p>\n\n\n\n<p>Die auf der Webseite angebotene Terminvereinbarung nutzt den Service, der von Elsetech angeboten wird. Hierzu werden unter Nutzung der SSL-Verschl\u00fcsselung Name, Telefonnummer und E-Mail-Adresse abgefragt, und ob Sie bereits Patientin sind. Diese Daten werden an die Praxis \u00fcbermittelt und in der Praxis zur Terminplanung gespeichert.<\/p>\n\n\n\n<h3 class=\"wp-block-heading\">Ihre Rechte<\/h3>\n\n\n\n<p>Sie haben das Recht, \u00fcber die Sie betreffenden personenbezogenen Daten Auskunft zu erhalten. Auch k\u00f6nnen Sie die Berichtigung unrichtiger Daten verlangen. Dar\u00fcber hinaus steht Ihnen unter bestimmten Voraussetzungen das Recht auf L\u00f6schung von Daten, das Recht auf Einschr\u00e4nkung der Datenverarbeitung sowie das Recht auf Daten\u00fcbertragbarkeit zu. <\/p>\n\n\n\n<p>Die Verarbeitung Ihrer Daten erfolgt auf Basis von gesetzlichen Regelungen. Nur in Ausnahmef\u00e4llen ben\u00f6tigt diese Praxis Ihr Einverst\u00e4ndnis. In diesen F\u00e4llen haben Sie das Recht, die Einwilligung f\u00fcr die zuk\u00fcnftige Verarbeitung zu widerrufen. Sie haben ferner das Recht, sich bei der zust\u00e4ndigen Aufsichtsbeh\u00f6rde f\u00fcr den Datenschutz zu beschweren, wenn Sie der Ansicht sind, dass die Verarbeitung Ihrer personenbezogenen Daten nicht rechtm\u00e4\u00dfig erfolgt.<\/p>\n\n\n\n<p>Die Anschrift der f\u00fcr diese Praxis zust\u00e4ndigen Aufsichtsbeh\u00f6rde lautet:<\/p>\n\n\n\n<p>Die Landesbeauftragte f\u00fcr den Datenschutz und f\u00fcr das Recht auf Akteneinsicht DagmarHartge<br>Stahnsdorfer Damm 77<br>14532 Kleinmachnow<br>Telefon: 033203\/356-0<\/p>\n\n\n\n<h3 class=\"wp-block-heading\">Rechtliche Grundlagen<\/h3>\n\n\n\n<p>Rechtsgrundlage f\u00fcr die Verarbeitung Ihrer Daten ist Artikel 9 Absatz 2 lit. h) DSGVO in Verbindung mit Paragraf 22 Absatz 1 Nr. 1 lit. b) Bundesdatenschutzgesetz. Sollten Sie Fragen haben, k\u00f6nnen Sie sich gern an mich wenden.<\/p>\n\n\n\n<p>Ihre Dr. med. Ina Steinmetz<\/p>\n\n\n\n<div style=\"height:41px\" aria-hidden=\"true\" class=\"wp-block-spacer\"><\/div>\n","protected":false},"excerpt":{"rendered":"<p>Patienteninformation zum Datenschutz Sehr geehrte Patientin, der Schutz Ihrer personenbezogenen Daten ist wichtig. Ihre personenbezogenen Daten werden vertraulich und entsprechend der EU-Datenschutz-Grundverordnung (DSGVO) behandelt. Nach DSGVO bin ich auch verpflichtet, Sie dar\u00fcber zu informieren, zu welchem Zweck diese Praxis Daten erhebt, speichert oder weiterleitet. Der Information k\u00f6nnen Sie auch entnehmen, welche Rechte Sie bez\u00fcglich Datenschutz [&hellip;]<\/p>\n","protected":false},"author":1,"featured_media":0,"parent":0,"menu_order":0,"comment_status":"closed","ping_status":"open","template":"","meta":{"site-sidebar-layout":"default","site-content-layout":"","ast-site-content-layout":"default","site-content-style":"default","site-sidebar-style":"default","ast-global-header-display":"","ast-banner-title-visibility":"","ast-main-header-display":"","ast-hfb-above-header-display":"","ast-hfb-below-header-display":"","ast-hfb-mobile-header-display":"","site-post-title":"disabled","ast-breadcrumbs-content":"","ast-featured-img":"","footer-sml-layout":"","ast-disable-related-posts":"","theme-transparent-header-meta":"","adv-header-id-meta":"","stick-header-meta":"","header-above-stick-meta":"","header-main-stick-meta":"","header-below-stick-meta":"","astra-migrate-meta-layouts":"default","ast-page-background-enabled":"default","ast-page-background-meta":{"desktop":{"background-color":"var(--ast-global-color-4)","background-image":"","background-repeat":"repeat","background-position":"center center","background-size":"auto","background-attachment":"scroll","background-type":"","background-media":"","overlay-type":"","overlay-color":"","overlay-opacity":"","overlay-gradient":""},"tablet":{"background-color":"","background-image":"","background-repeat":"repeat","background-position":"center center","background-size":"auto","background-attachment":"scroll","background-type":"","background-media":"","overlay-type":"","overlay-color":"","overlay-opacity":"","overlay-gradient":""},"mobile":{"background-color":"","background-image":"","background-repeat":"repeat","background-position":"center center","background-size":"auto","background-attachment":"scroll","background-type":"","background-media":"","overlay-type":"","overlay-color":"","overlay-opacity":"","overlay-gradient":""}},"ast-content-background-meta":{"desktop":{"background-color":"var(--ast-global-color-5)","background-image":"","background-repeat":"repeat","background-position":"center center","background-size":"auto","background-attachment":"scroll","background-type":"","background-media":"","overlay-type":"","overlay-color":"","overlay-opacity":"","overlay-gradient":""},"tablet":{"background-color":"var(--ast-global-color-5)","background-image":"","background-repeat":"repeat","background-position":"center center","background-size":"auto","background-attachment":"scroll","background-type":"","background-media":"","overlay-type":"","overlay-color":"","overlay-opacity":"","overlay-gradient":""},"mobile":{"background-color":"var(--ast-global-color-5)","background-image":"","background-repeat":"repeat","background-position":"center center","background-size":"auto","background-attachment":"scroll","background-type":"","background-media":"","overlay-type":"","overlay-color":"","overlay-opacity":"","overlay-gradient":""}},"footnotes":""},"_links":{"self":[{"href":"https:\/\/frauenaerztin-babelsberg.de\/index.php\/wp-json\/wp\/v2\/pages\/3"}],"collection":[{"href":"https:\/\/frauenaerztin-babelsberg.de\/index.php\/wp-json\/wp\/v2\/pages"}],"about":[{"href":"https:\/\/frauenaerztin-babelsberg.de\/index.php\/wp-json\/wp\/v2\/types\/page"}],"author":[{"embeddable":true,"href":"https:\/\/frauenaerztin-babelsberg.de\/index.php\/wp-json\/wp\/v2\/users\/1"}],"replies":[{"embeddable":true,"href":"https:\/\/frauenaerztin-babelsberg.de\/index.php\/wp-json\/wp\/v2\/comments?post=3"}],"version-history":[{"count":6,"href":"https:\/\/frauenaerztin-babelsberg.de\/index.php\/wp-json\/wp\/v2\/pages\/3\/revisions"}],"predecessor-version":[{"id":109,"href":"https:\/\/frauenaerztin-babelsberg.de\/index.php\/wp-json\/wp\/v2\/pages\/3\/revisions\/109"}],"wp:attachment":[{"href":"https:\/\/frauenaerztin-babelsberg.de\/index.php\/wp-json\/wp\/v2\/media?parent=3"}],"curies":[{"name":"wp","href":"https:\/\/api.w.org\/{rel}","templated":true}]}}