{"id":53,"date":"2023-02-05T16:41:59","date_gmt":"2023-02-05T15:41:59","guid":{"rendered":"http:\/\/wptest2.galacticrave.net\/?page_id=53"},"modified":"2023-12-28T18:03:01","modified_gmt":"2023-12-28T17:03:01","slug":"impressum","status":"publish","type":"page","link":"https:\/\/frauenaerztin-babelsberg.de\/index.php\/impressum\/","title":{"rendered":"Impressum"},"content":{"rendered":"\n<div class=\"wp-block-cover alignfull\" style=\"min-height:412px\"><span aria-hidden=\"true\" class=\"wp-block-cover__background has-ast-global-color-0-background-color has-background-dim-100 has-background-dim\"><\/span><div class=\"wp-block-cover__inner-container is-layout-flow wp-block-cover-is-layout-flow\">\n<div class=\"wp-block-columns alignwide is-layout-flex wp-container-core-columns-layout-1 wp-block-columns-is-layout-flex\">\n<div class=\"wp-block-column is-layout-flow wp-block-column-is-layout-flow\" style=\"flex-basis:60%\">\n<h1 class=\"wp-block-heading\">Privatpraxis f\u00fcr Frauenheilkunde und Geburtshilfe<\/h1>\n\n\n\n<h3 class=\"wp-block-heading\">Dr. med. Ina Steinmetz<\/h3>\n<\/div>\n\n\n\n<div class=\"wp-block-column is-layout-flow wp-block-column-is-layout-flow\" style=\"flex-basis:40%\">\n<p class=\"has-link-color wp-elements-8b877e8462626e3e83f442f1459eea30\">Domstra\u00dfe 18a<br>14482 Potsdam<br>T: <a href=\"tel:+4933128792171\" data-type=\"tel\" data-id=\"tel:+4933128792171\">0331\/28792171<\/a><br>F: 0331\/28794187<br><a href=\"mailto:dr.steinmetz@frauenaerztin-babelsberg.de\">dr.steinmetz@frauenaerztin-babelsberg.de<\/a><\/p>\n\n\n\n<div class=\"wp-block-buttons is-layout-flex wp-block-buttons-is-layout-flex\">\n<div class=\"wp-block-button\"><a class=\"wp-block-button__link wp-element-button\" href=\"https:\/\/frauenaerztin-babelsberg.de#terminvergabe\">Termin buchen<\/a><\/div>\n<\/div>\n<\/div>\n<\/div>\n<\/div><\/div>\n\n\n\n<div style=\"height:49px\" aria-hidden=\"true\" class=\"wp-block-spacer\"><\/div>\n\n\n\n<h2 class=\"wp-block-heading\">Impressum<\/h2>\n\n\n\n<h4 class=\"wp-block-heading\">Name<\/h4>\n\n\n\n<p>Privatpraxis f\u00fcr Frauenheilkunde und Geburtshilfe Dr. med. Ina Steinmetz<\/p>\n\n\n\n<h4 class=\"wp-block-heading\">Praxisanschrift<\/h4>\n\n\n\n<p>Domstr. 18a<br>14482 Potsdam<br>Telefon: 0331 \/&nbsp;2879 2171<br>Telefax: 0331 \/&nbsp;2879 4187<br>Mail: dr.steinmetz@frauenaerztin-babelsberg.de<br>URL: www.frauenaerztin-babelsberg.de<\/p>\n\n\n\n<h4 class=\"wp-block-heading\">Gesetzliche Berufsbezeichnung<\/h4>\n\n\n\n<p>Fach\u00e4rztin f\u00fcr Frauenheilkunde und Geburtshilfe, verliehen durch die&nbsp;\u00c4rztekammer Berlin, Bundesrepublik Deutschland<\/p>\n\n\n\n<p>Approbation als \u00c4rztin, erteilt durch das Bayerische Staatsministerium f\u00fcr Arbeit und Sozialordnung, Familie, Frauen und Gesundheit, Bundesrepublik Deutschland<\/p>\n\n\n\n<h4 class=\"wp-block-heading\">Zust\u00e4ndige Kammer und Aufsichtsbeh\u00f6rde<\/h4>\n\n\n\n<p><a href=\"https:\/\/www.laekb.de\/\">Landes\u00e4rztekammer Brandenburg<\/a><\/p>\n\n\n\n<h4 class=\"wp-block-heading\">Berufsrechtliche Regelungen<\/h4>\n\n\n\n<p><a href=\"https:\/\/www.laekb.de\/www\/website\/PublicNavigation\/arzt\/arztrecht\/gesetze\/\">Berufsordnung<\/a>&nbsp;der&nbsp;<a href=\"https:\/\/www.laekb.de\/\">Landes\u00e4rztekammer Brandenburg<\/a><\/p>\n\n\n\n<h4 class=\"wp-block-heading\">Inhaltliche Verantwortung<\/h4>\n\n\n\n<p>gem. \u00a7 6 Medienstaatsvertrag:&nbsp;Dr. med. Ina Steinmetz<\/p>\n\n\n\n<p>Diese Webseiten k\u00f6nnen Links zu Informationen enthalten, die nicht von dieser Webseite\u00a0verwaltet werden. Wir distanzieren uns hiermit ausdr\u00fccklich von den Inhalten externer Links, daf\u00fcr sind ausschlie\u00dflich deren Betreiber verantwortlich.<\/p>\n\n\n\n<div style=\"height:41px\" aria-hidden=\"true\" class=\"wp-block-spacer\"><\/div>\n","protected":false},"excerpt":{"rendered":"<p>Impressum Name Privatpraxis f\u00fcr Frauenheilkunde und Geburtshilfe Dr. med. Ina Steinmetz Praxisanschrift Domstr. 18a14482 PotsdamTelefon: 0331 \/&nbsp;2879 2171Telefax: 0331 \/&nbsp;2879 4187Mail: dr.steinmetz@frauenaerztin-babelsberg.deURL: www.frauenaerztin-babelsberg.de Gesetzliche Berufsbezeichnung Fach\u00e4rztin f\u00fcr Frauenheilkunde und Geburtshilfe, verliehen durch die&nbsp;\u00c4rztekammer Berlin, Bundesrepublik Deutschland Approbation als \u00c4rztin, erteilt durch das Bayerische Staatsministerium f\u00fcr Arbeit und Sozialordnung, Familie, Frauen und Gesundheit, Bundesrepublik Deutschland Zust\u00e4ndige [&hellip;]<\/p>\n","protected":false},"author":1,"featured_media":0,"parent":0,"menu_order":0,"comment_status":"closed","ping_status":"closed","template":"","meta":{"site-sidebar-layout":"default","site-content-layout":"","ast-site-content-layout":"default","site-content-style":"default","site-sidebar-style":"default","ast-global-header-display":"","ast-banner-title-visibility":"","ast-main-header-display":"","ast-hfb-above-header-display":"","ast-hfb-below-header-display":"","ast-hfb-mobile-header-display":"","site-post-title":"disabled","ast-breadcrumbs-content":"","ast-featured-img":"","footer-sml-layout":"","ast-disable-related-posts":"","theme-transparent-header-meta":"","adv-header-id-meta":"","stick-header-meta":"","header-above-stick-meta":"","header-main-stick-meta":"","header-below-stick-meta":"","astra-migrate-meta-layouts":"set","ast-page-background-enabled":"default","ast-page-background-meta":{"desktop":{"background-color":"var(--ast-global-color-4)","background-image":"","background-repeat":"repeat","background-position":"center center","background-size":"auto","background-attachment":"scroll","background-type":"","background-media":"","overlay-type":"","overlay-color":"","overlay-opacity":"","overlay-gradient":""},"tablet":{"background-color":"","background-image":"","background-repeat":"repeat","background-position":"center center","background-size":"auto","background-attachment":"scroll","background-type":"","background-media":"","overlay-type":"","overlay-color":"","overlay-opacity":"","overlay-gradient":""},"mobile":{"background-color":"","background-image":"","background-repeat":"repeat","background-position":"center center","background-size":"auto","background-attachment":"scroll","background-type":"","background-media":"","overlay-type":"","overlay-color":"","overlay-opacity":"","overlay-gradient":""}},"ast-content-background-meta":{"desktop":{"background-color":"var(--ast-global-color-5)","background-image":"","background-repeat":"repeat","background-position":"center center","background-size":"auto","background-attachment":"scroll","background-type":"","background-media":"","overlay-type":"","overlay-color":"","overlay-opacity":"","overlay-gradient":""},"tablet":{"background-color":"var(--ast-global-color-5)","background-image":"","background-repeat":"repeat","background-position":"center center","background-size":"auto","background-attachment":"scroll","background-type":"","background-media":"","overlay-type":"","overlay-color":"","overlay-opacity":"","overlay-gradient":""},"mobile":{"background-color":"var(--ast-global-color-5)","background-image":"","background-repeat":"repeat","background-position":"center center","background-size":"auto","background-attachment":"scroll","background-type":"","background-media":"","overlay-type":"","overlay-color":"","overlay-opacity":"","overlay-gradient":""}},"footnotes":""},"_links":{"self":[{"href":"https:\/\/frauenaerztin-babelsberg.de\/index.php\/wp-json\/wp\/v2\/pages\/53"}],"collection":[{"href":"https:\/\/frauenaerztin-babelsberg.de\/index.php\/wp-json\/wp\/v2\/pages"}],"about":[{"href":"https:\/\/frauenaerztin-babelsberg.de\/index.php\/wp-json\/wp\/v2\/types\/page"}],"author":[{"embeddable":true,"href":"https:\/\/frauenaerztin-babelsberg.de\/index.php\/wp-json\/wp\/v2\/users\/1"}],"replies":[{"embeddable":true,"href":"https:\/\/frauenaerztin-babelsberg.de\/index.php\/wp-json\/wp\/v2\/comments?post=53"}],"version-history":[{"count":12,"href":"https:\/\/frauenaerztin-babelsberg.de\/index.php\/wp-json\/wp\/v2\/pages\/53\/revisions"}],"predecessor-version":[{"id":154,"href":"https:\/\/frauenaerztin-babelsberg.de\/index.php\/wp-json\/wp\/v2\/pages\/53\/revisions\/154"}],"wp:attachment":[{"href":"https:\/\/frauenaerztin-babelsberg.de\/index.php\/wp-json\/wp\/v2\/media?parent=53"}],"curies":[{"name":"wp","href":"https:\/\/api.w.org\/{rel}","templated":true}]}}